{"id":1088,"date":"2012-11-19T12:27:15","date_gmt":"2012-11-19T12:27:15","guid":{"rendered":"https:\/\/www.inmobiliariabancaria.com\/\/\/blog\/?page_id=1088"},"modified":"2015-03-12T16:28:16","modified_gmt":"2015-03-12T15:28:16","slug":"pisos-y-casas-de-bancos-en-venta","status":"publish","type":"page","link":"https:\/\/www.inmobiliariabancaria.com\/blog\/pisos-y-casas-de-bancos-en-venta\/","title":{"rendered":"Pisos y casas de bancos"},"content":{"rendered":"<p style=\"color: #404040;\"><strong style=\"font-style: inherit;\"><a style=\"font-weight: inherit; font-style: inherit; color: #0088cc;\" title=\"Pisos en venta\" href=\"http:\/\/www.inmobiliariabancaria.com\/\" target=\"_blank\">InmobiliariaBancaria.com<\/a>\u00a0<\/strong>es una web que te ofrece en un \u00fanico portal\u00a0<strong style=\"font-style: inherit;\">TODOS los PISOS en venta de los BANCOS<\/strong>. Rastrea a diario y tiene actualizados los precios, stocks, viviendas nuevas, viviendas vendidas, qu\u00e9 pisos han bajado de precios, cuales son nuevos, los pisos de los bancos con opci\u00f3n a alquiler, pisos en venta con los que te pueden dar financiaci\u00f3n\u2026<\/p>\n<p style=\"color: #404040;\">Cualquier informaci\u00f3n de m\u00e1s de 20 entidades bancarias para que el\u00a0<strong style=\"font-style: inherit;\">AHORRO de TIEMPO y DINERO<\/strong>\u00a0buscando aquella vivienda en venta que te interesa te cueste lo menos posible.<\/p>\n<p style=\"color: #404040;\">\u00bfquieres algo en especial?. Sin dudar, dime\u00a0<strong style=\"font-style: inherit;\">D\u00d3NDE y QU\u00c9<\/strong>\u00a0tipo de piso en venta quieres, que del resto ya nos ocupamos nosotros.<\/p>\n<p style=\"color: #404040;\">\n<table width=\"100%\" cellspacing=\"0\" cellpadding=\"0\">\n<tbody>\n<tr valign=\"top\">\n<td width=\"25%\">&#8211;\u00a0<a href=\"http:\/\/www.inmobiliariabancaria.com\/pisos\/banco\/provincia\/ALAVA\">Pisos de banco en Alava<\/a><br \/>\n&#8211;\u00a0<a href=\"http:\/\/www.inmobiliariabancaria.com\/pisos\/banco\/provincia\/ALBACETE\">Pisos de banco en Albacete<\/a><br \/>\n&#8211;\u00a0<a href=\"http:\/\/www.inmobiliariabancaria.com\/pisos\/banco\/provincia\/ALICANTE\">Pisos de banco en Alicante<\/a><br \/>\n&#8211;\u00a0<a href=\"http:\/\/www.inmobiliariabancaria.com\/pisos\/banco\/provincia\/ALMERIA\">Pisos de banco en Almer\u00eda<\/a><br \/>\n&#8211;\u00a0<a href=\"http:\/\/www.inmobiliariabancaria.com\/pisos\/banco\/provincia\/ASTURIAS\">Pisos de banco en Asturias<\/a><br \/>\n&#8211;\u00a0<a href=\"http:\/\/www.inmobiliariabancaria.com\/pisos\/banco\/provincia\/AVILA\">Pisos de banco en Avila<\/a><br \/>\n&#8211;\u00a0<a href=\"http:\/\/www.inmobiliariabancaria.com\/pisos\/banco\/provincia\/BADAJOZ\">Pisos de banco en Badajoz<\/a><br \/>\n&#8211;\u00a0<a href=\"http:\/\/www.inmobiliariabancaria.com\/pisos\/banco\/provincia\/BALEARES\">Pisos de banco en Baleares<\/a><br \/>\n&#8211;\u00a0<a href=\"http:\/\/www.inmobiliariabancaria.com\/pisos\/banco\/provincia\/BARCELONA\">Pisos de banco en Barcelona<\/a><br \/>\n&#8211;\u00a0<a href=\"http:\/\/www.inmobiliariabancaria.com\/pisos\/banco\/provincia\/BURGOS\">Pisos de banco en Burgos<\/a><br \/>\n&#8211;\u00a0<a href=\"http:\/\/www.inmobiliariabancaria.com\/pisos\/banco\/provincia\/CACERES\">Pisos de banco en Caceres<\/a><br \/>\n&#8211;\u00a0<a href=\"http:\/\/www.inmobiliariabancaria.com\/pisos\/banco\/provincia\/CADIZ\">Pisos de banco en Cadiz<\/a><br \/>\n&#8211;\u00a0<a href=\"http:\/\/www.inmobiliariabancaria.com\/pisos\/banco\/provincia\/CANTABRIA\">Pisos de banco en Cantabria<\/a><\/td>\n<td width=\"25%\">&#8211;\u00a0<a href=\"http:\/\/www.inmobiliariabancaria.com\/pisos\/banco\/provincia\/CASTELLON\">Pisos de banco en Castell\u00f3n<\/a><br \/>\n&#8211;\u00a0<a href=\"http:\/\/www.inmobiliariabancaria.com\/pisos\/banco\/provincia\/CIUDAD-REAL\">Pisos de banco en Ciudad real<\/a><br \/>\n&#8211;\u00a0<a href=\"http:\/\/www.inmobiliariabancaria.com\/pisos\/banco\/provincia\/CORDOBA\">Pisos de banco en Cordoba<\/a><br \/>\n&#8211;\u00a0<a href=\"http:\/\/www.inmobiliariabancaria.com\/pisos\/banco\/provincia\/CUENCA\">Pisos de banco en Cuenca<\/a><br \/>\n&#8211;\u00a0<a href=\"http:\/\/www.inmobiliariabancaria.com\/pisos\/banco\/provincia\/GERONA\">Pisos de banco en Gerona<\/a><br \/>\n&#8211;\u00a0<a href=\"http:\/\/www.inmobiliariabancaria.com\/pisos\/banco\/provincia\/GRANADA\">Pisos de banco en Granada<\/a><br \/>\n&#8211;\u00a0<a href=\"http:\/\/www.inmobiliariabancaria.com\/pisos\/banco\/provincia\/GUADALAJARA\">Pisos de banco en Guadalajara<\/a><br \/>\n&#8211;\u00a0<a href=\"http:\/\/www.inmobiliariabancaria.com\/pisos\/banco\/provincia\/GUIPUZCOA\">Pisos de banco en Guipuzcoa<\/a><br \/>\n&#8211;\u00a0<a href=\"http:\/\/www.inmobiliariabancaria.com\/pisos\/banco\/provincia\/HUELVA\">Pisos de banco en Huelva<\/a><br \/>\n&#8211;\u00a0<a href=\"http:\/\/www.inmobiliariabancaria.com\/pisos\/banco\/provincia\/HUESCA\">Pisos de banco en Huesca<\/a><br \/>\n&#8211;\u00a0<a href=\"http:\/\/www.inmobiliariabancaria.com\/pisos\/banco\/provincia\/JAEN\">Pisos de banco en Jaen<\/a><br \/>\n&#8211;\u00a0<a href=\"http:\/\/www.inmobiliariabancaria.com\/pisos\/banco\/provincia\/LA-CORUNA\">Pisos de banco en La coru\u00f1a<\/a><br \/>\n&#8211;\u00a0<a href=\"http:\/\/www.inmobiliariabancaria.com\/pisos\/banco\/provincia\/LA-RIOJA\">Pisos de banco en La rioja<\/a><\/td>\n<td width=\"25%\">&#8211;\u00a0<a href=\"http:\/\/www.inmobiliariabancaria.com\/pisos\/banco\/provincia\/LAS-PALMAS\">Pisos de banco en Las palmas<\/a><br \/>\n&#8211;\u00a0<a href=\"http:\/\/www.inmobiliariabancaria.com\/pisos\/banco\/provincia\/LEON\">Pisos de banco en Leon<\/a><br \/>\n&#8211;\u00a0<a href=\"http:\/\/www.inmobiliariabancaria.com\/pisos\/banco\/provincia\/LERIDA\">Pisos de banco en Lerida<\/a><br \/>\n&#8211;\u00a0<a href=\"http:\/\/www.inmobiliariabancaria.com\/pisos\/banco\/provincia\/LUGO\">Pisos de banco en Lugo<\/a><br \/>\n&#8211;\u00a0<a href=\"http:\/\/www.inmobiliariabancaria.com\/pisos\/banco\/provincia\/MADRID\">Pisos de banco en Madrid<\/a><br \/>\n&#8211;\u00a0<a href=\"http:\/\/www.inmobiliariabancaria.com\/pisos\/banco\/provincia\/MALAGA\">Pisos de banco en Malaga<\/a><br \/>\n&#8211;\u00a0<a href=\"http:\/\/www.inmobiliariabancaria.com\/pisos\/banco\/provincia\/MURCIA\">Pisos de banco en Murcia<\/a><br \/>\n&#8211;\u00a0<a href=\"http:\/\/www.inmobiliariabancaria.com\/pisos\/banco\/provincia\/NAVARRA\">Pisos de banco en Navarra<\/a><br \/>\n&#8211;\u00a0<a href=\"http:\/\/www.inmobiliariabancaria.com\/pisos\/banco\/provincia\/ORENSE\">Pisos de banco en Orense<\/a><br \/>\n&#8211;\u00a0<a href=\"http:\/\/www.inmobiliariabancaria.com\/pisos\/banco\/provincia\/PALENCIA\">Pisos de banco en Palencia<\/a><br \/>\n&#8211;\u00a0<a href=\"http:\/\/www.inmobiliariabancaria.com\/pisos\/banco\/provincia\/PONTEVEDRA\">Pisos de banco en Pontevedra<\/a><br \/>\n&#8211;\u00a0<a href=\"http:\/\/www.inmobiliariabancaria.com\/pisos\/banco\/provincia\/SALAMANCA\">Pisos de banco en Salamanca<\/a><br \/>\n&#8211;\u00a0<a href=\"http:\/\/www.inmobiliariabancaria.com\/pisos\/banco\/provincia\/SEGOVIA\">Pisos de banco en Segovia<\/a><\/td>\n<td width=\"25%\">&#8211;\u00a0<a href=\"http:\/\/www.inmobiliariabancaria.com\/pisos\/banco\/provincia\/SEVILLA\">Pisos de banco en Sevilla<\/a><br \/>\n&#8211;\u00a0<a href=\"http:\/\/www.inmobiliariabancaria.com\/pisos\/banco\/provincia\/SORIA\">Pisos de banco en Soria<\/a><br \/>\n&#8211;\u00a0<a href=\"http:\/\/www.inmobiliariabancaria.com\/pisos\/banco\/provincia\/TARRAGONA\">Pisos de banco en Tarragona<\/a><br \/>\n&#8211;\u00a0<a href=\"http:\/\/www.inmobiliariabancaria.com\/pisos\/banco\/provincia\/TENERIFE\">Pisos de banco en Tenerife<\/a><br \/>\n&#8211;\u00a0<a href=\"http:\/\/www.inmobiliariabancaria.com\/pisos\/banco\/provincia\/TERUEL\">Pisos de banco en Teruel<\/a><br \/>\n&#8211;\u00a0<a href=\"http:\/\/www.inmobiliariabancaria.com\/pisos\/banco\/provincia\/TOLEDO\">Pisos de banco en Toledo<\/a><br \/>\n&#8211;\u00a0<a href=\"http:\/\/www.inmobiliariabancaria.com\/pisos\/banco\/provincia\/VALENCIA\">Pisos de banco en Valencia<\/a><br \/>\n&#8211;\u00a0<a href=\"http:\/\/www.inmobiliariabancaria.com\/pisos\/banco\/provincia\/VALLADOLID\">Pisos de banco en Valladolid<\/a><br \/>\n&#8211;\u00a0<a href=\"http:\/\/www.inmobiliariabancaria.com\/pisos\/banco\/provincia\/VIZCAYA\">Pisos de banco en Vizcaya<\/a><br \/>\n&#8211;\u00a0<a href=\"http:\/\/www.inmobiliariabancaria.com\/pisos\/banco\/provincia\/ZAMORA\">Pisos de banco en Zamora<\/a><\/td>\n<\/tr>\n<\/tbody>\n<\/table>\n<table width=\"100%\" cellspacing=\"0\" cellpadding=\"0\">\n<tbody>\n<tr valign=\"top\">\n<td width=\"33%\">\n<blockquote><p>&#8211;\u00a0<a href=\"http:\/\/www.inmobiliariabancaria.com\/pisos-viviendas-inmuebles-obra-nueva\">Obra nueva<\/a><br \/>\n&#8211;\u00a0<a href=\"http:\/\/www.inmobiliariabancaria.com\/pisos-de-banco\">Pisos<\/a><br \/>\n&#8211;\u00a0<a href=\"http:\/\/www.inmobiliariabancaria.com\/aticos-de-banco\">\u00c1ticos<\/a><br \/>\n&#8211;\u00a0<a href=\"http:\/\/www.inmobiliariabancaria.com\/naves-industriales-de-embargo\">Naves industriales\/comerciales<\/a><br \/>\n&#8211;\u00a0<a href=\"http:\/\/www.inmobiliariabancaria.com\/garajes-de-embargo\">Garajes<\/a><br \/>\n&#8211;\u00a0<a href=\"http:\/\/www.inmobiliariabancaria.com\/locales-de-embargo\">Locales<\/a><br \/>\n&#8211;\u00a0<a href=\"http:\/\/www.inmobiliariabancaria.com\/locales-comerciales-de-embargo\">Locales comerciales<\/a><\/p><\/blockquote>\n<\/td>\n<td width=\"47%\">\n<blockquote><p>&#8211;\u00a0<a href=\"http:\/\/www.inmobiliariabancaria.com\/bajadas-de-precio-pisos-viviendas-inmuebles-obra-nueva\">Obra nueva con bajada de precio<\/a><br \/>\n&#8211;\u00a0<a href=\"http:\/\/www.inmobiliariabancaria.com\/bajadas-de-precio-pisos-de-banco\">Pisos con bajada de precio<\/a><br \/>\n&#8211;\u00a0<a href=\"http:\/\/www.inmobiliariabancaria.com\/bajadas-de-precio-aticos-de-banco\">\u00c1ticos con bajada de precio<\/a><br \/>\n&#8211;\u00a0<a href=\"http:\/\/www.inmobiliariabancaria.com\/bajadas-de-precio-naves-industriales-de-embargo\">Naves industriales\/comerciales con bajada de precio<\/a><br \/>\n&#8211;\u00a0<a href=\"http:\/\/www.inmobiliariabancaria.com\/bajadas-de-precio-garajes-de-embargo\">Garajes con bajada de precio<\/a><br \/>\n&#8211;\u00a0<a href=\"http:\/\/www.inmobiliariabancaria.com\/bajadas-de-precio-locales-de-embargo\">Locales con bajada de precio<\/a><br \/>\n&#8211;\u00a0<a href=\"http:\/\/www.inmobiliariabancaria.com\/bajadas-de-precio-locales-comerciales-de-embargo\">Locales comerciales con bajada de precio<\/a><\/p><\/blockquote>\n<\/td>\n<\/tr>\n<\/tbody>\n<\/table>\n<p><iframe src=\"http:\/\/www.youtube.com\/embed\/aYmXPaWUahI\" width=\"560\" height=\"315\" frameborder=\"0\" allowfullscreen=\"allowfullscreen\"><\/iframe><\/p>\n<p><iframe src=\"http:\/\/www.youtube.com\/embed\/adPQiP07WoM\" width=\"560\" height=\"315\" frameborder=\"0\" allowfullscreen=\"allowfullscreen\"><\/iframe><\/p>\n<p><iframe src=\"http:\/\/www.youtube.com\/embed\/n0C4R_ItFQ0\" width=\"560\" height=\"315\" frameborder=\"0\" allowfullscreen=\"allowfullscreen\"><\/iframe><\/p>\n<p><iframe src=\"http:\/\/www.youtube.com\/embed\/boS8NHmj8oM\" width=\"560\" height=\"315\" frameborder=\"0\" allowfullscreen=\"allowfullscreen\"><\/iframe><\/p>\n<p><iframe src=\"http:\/\/www.youtube.com\/embed\/NiUdVMhxsFo\" width=\"560\" height=\"315\" frameborder=\"0\" allowfullscreen=\"allowfullscreen\"><\/iframe><\/p>\n","protected":false},"excerpt":{"rendered":"<p>InmobiliariaBancaria.com\u00a0es una web que te ofrece en un \u00fanico portal\u00a0TODOS los PISOS en venta de los BANCOS. Rastrea a diario y tiene actualizados los precios, stocks, viviendas nuevas, viviendas vendidas, qu\u00e9 pisos han bajado de precios, cuales son nuevos, los pisos de los bancos con opci\u00f3n a alquiler, pisos en venta con los que te pueden dar financiaci\u00f3n\u2026 Cualquier informaci\u00f3n de m\u00e1s de 20 entidades bancarias para que el\u00a0AHORRO de&#8230;<\/p>\n","protected":false},"author":2,"featured_media":0,"parent":0,"menu_order":0,"comment_status":"open","ping_status":"closed","template":"","meta":[],"_links":{"self":[{"href":"https:\/\/www.inmobiliariabancaria.com\/blog\/wp-json\/wp\/v2\/pages\/1088"}],"collection":[{"href":"https:\/\/www.inmobiliariabancaria.com\/blog\/wp-json\/wp\/v2\/pages"}],"about":[{"href":"https:\/\/www.inmobiliariabancaria.com\/blog\/wp-json\/wp\/v2\/types\/page"}],"author":[{"embeddable":true,"href":"https:\/\/www.inmobiliariabancaria.com\/blog\/wp-json\/wp\/v2\/users\/2"}],"replies":[{"embeddable":true,"href":"https:\/\/www.inmobiliariabancaria.com\/blog\/wp-json\/wp\/v2\/comments?post=1088"}],"version-history":[{"count":10,"href":"https:\/\/www.inmobiliariabancaria.com\/blog\/wp-json\/wp\/v2\/pages\/1088\/revisions"}],"predecessor-version":[{"id":2440,"href":"https:\/\/www.inmobiliariabancaria.com\/blog\/wp-json\/wp\/v2\/pages\/1088\/revisions\/2440"}],"wp:attachment":[{"href":"https:\/\/www.inmobiliariabancaria.com\/blog\/wp-json\/wp\/v2\/media?parent=1088"}],"curies":[{"name":"wp","href":"https:\/\/api.w.org\/{rel}","templated":true}]}}