{"id":1234,"date":"2013-05-08T11:37:49","date_gmt":"2013-05-08T11:37:49","guid":{"rendered":"https:\/\/www.inmobiliariabancaria.com\/\/\/blog\/?page_id=1234"},"modified":"2013-05-08T11:37:49","modified_gmt":"2013-05-08T11:37:49","slug":"bbva-no-entra-en-banco-malo-pisos-casas-inmuebles-viviendas-bancos","status":"publish","type":"page","link":"https:\/\/www.inmobiliariabancaria.com\/blog\/pisos-casas-la-sareb-banco-malo\/bbva-no-entra-en-banco-malo-pisos-casas-inmuebles-viviendas-bancos\/","title":{"rendered":"BBVA no tiene previsto entrar en Banco Malo"},"content":{"rendered":"<p><a href=\"http:\/\/www.inmobiliariabancaria.com\/blog\/wp-content\/uploads\/No-banco-malo-pisos-casas-viviendas-inmuebles-de-bancos.jpg\"><img loading=\"lazy\" class=\"alignleft size-full wp-image-1235\" alt=\"No banco malo pisos casas viviendas inmuebles de bancos\" src=\"http:\/\/www.inmobiliariabancaria.com\/blog\/wp-content\/uploads\/No-banco-malo-pisos-casas-viviendas-inmuebles-de-bancos.jpg\" width=\"200\" height=\"200\" srcset=\"https:\/\/www.inmobiliariabancaria.com\/blog\/wp-content\/uploads\/No-banco-malo-pisos-casas-viviendas-inmuebles-de-bancos.jpg 200w, https:\/\/www.inmobiliariabancaria.com\/blog\/wp-content\/uploads\/No-banco-malo-pisos-casas-viviendas-inmuebles-de-bancos-150x150.jpg 150w\" sizes=\"(max-width: 200px) 100vw, 200px\" \/><\/a>El consejero delegado del BBVA (Madrid:\u00a0<a href=\"http:\/\/es.finance.yahoo.com\/q?s=BBVA.MC\">BBVA.MC<\/a>\u00a0&#8211;\u00a0<a href=\"http:\/\/es.finance.yahoo.com\/q\/h?s=BBVA.MC\">noticias<\/a>) , \u00c1ngel Cano, ha afirmado este viernes que la entidad no tiene previsto entrar a formar parte de la Sociedad de Activos procedentes de Reestructuraci\u00f3n Bancaria (Sareb), conocida como &#8216;banco malo&#8217;.<\/p>\n<p>En la presentaci\u00f3n de los resultados del primer trimestre, Cano ha precisado que siempre que la entidad tiene que tomar una decisi\u00f3n hace \u00abun an\u00e1lisis profundo desde el punto de vista t\u00e9cnico\u00bb, una operaci\u00f3n que har\u00e1 en este momento.<\/p>\n<p>\u00abSi no ha habido ning\u00fan cambio en este per\u00edodo de tiempo, la respuesta tiene que ser en consonancia con ese an\u00e1lisis y no pensamos que vaya a ser muy diferente\u00bb, ha se\u00f1alado el consejero delegado.<\/p>\n<p>BBVA es una de las entidades que a\u00fan no forma parte de la Sareb. Esto podr\u00eda perjudicar a la entidad a la hora de aportar fondos a la derrama extra con la que el Fondo de Garant\u00eda de Dep\u00f3sitos (FGD) pretende dar liquidez a las participaciones preferentes de nacionalizadas no cotizadas, ya que la normativa contempla descuentos para aquellas entidades que formen parte del llamado &#8216;banco malo&#8217;.<\/p>\n<p>&nbsp;<\/p>\n","protected":false},"excerpt":{"rendered":"<p>El consejero delegado del BBVA (Madrid:\u00a0BBVA.MC\u00a0&#8211;\u00a0noticias) , \u00c1ngel Cano, ha afirmado este viernes que la entidad no tiene previsto entrar a formar parte de la Sociedad de Activos procedentes de Reestructuraci\u00f3n Bancaria (Sareb), conocida como &#8216;banco malo&#8217;. En la presentaci\u00f3n de los resultados del primer trimestre, Cano ha precisado que siempre que la entidad tiene que tomar una decisi\u00f3n hace \u00abun an\u00e1lisis profundo desde el punto de vista t\u00e9cnico\u00bb, una&#8230;<\/p>\n","protected":false},"author":2,"featured_media":0,"parent":1184,"menu_order":0,"comment_status":"open","ping_status":"open","template":"","meta":[],"_links":{"self":[{"href":"https:\/\/www.inmobiliariabancaria.com\/blog\/wp-json\/wp\/v2\/pages\/1234"}],"collection":[{"href":"https:\/\/www.inmobiliariabancaria.com\/blog\/wp-json\/wp\/v2\/pages"}],"about":[{"href":"https:\/\/www.inmobiliariabancaria.com\/blog\/wp-json\/wp\/v2\/types\/page"}],"author":[{"embeddable":true,"href":"https:\/\/www.inmobiliariabancaria.com\/blog\/wp-json\/wp\/v2\/users\/2"}],"replies":[{"embeddable":true,"href":"https:\/\/www.inmobiliariabancaria.com\/blog\/wp-json\/wp\/v2\/comments?post=1234"}],"version-history":[{"count":2,"href":"https:\/\/www.inmobiliariabancaria.com\/blog\/wp-json\/wp\/v2\/pages\/1234\/revisions"}],"predecessor-version":[{"id":1237,"href":"https:\/\/www.inmobiliariabancaria.com\/blog\/wp-json\/wp\/v2\/pages\/1234\/revisions\/1237"}],"up":[{"embeddable":true,"href":"https:\/\/www.inmobiliariabancaria.com\/blog\/wp-json\/wp\/v2\/pages\/1184"}],"wp:attachment":[{"href":"https:\/\/www.inmobiliariabancaria.com\/blog\/wp-json\/wp\/v2\/media?parent=1234"}],"curies":[{"name":"wp","href":"https:\/\/api.w.org\/{rel}","templated":true}]}}