{"id":1244,"date":"2013-05-08T11:47:44","date_gmt":"2013-05-08T11:47:44","guid":{"rendered":"https:\/\/www.inmobiliariabancaria.com\/\/\/blog\/?page_id=1244"},"modified":"2016-05-03T13:40:00","modified_gmt":"2016-05-03T11:40:00","slug":"pisos-casas-viviendas-inmuebles-de-los-bancos-banco-malo","status":"publish","type":"page","link":"https:\/\/www.inmobiliariabancaria.com\/blog\/pisos-y-casas-de-bancos-en-venta\/pisos-casas-viviendas-inmuebles-de-los-bancos-banco-malo\/","title":{"rendered":"Pisos de los Bancos hasta con un 70% de descuento"},"content":{"rendered":"<p>Simplemente has de elegir en qu\u00e9 provincia o localidad quieres la vivienda de bancos y r\u00e1pidamente y con los precios actualizados a diario te informamos de los inmuebles que tienes a tu disposici\u00f3n y solo aquellos con alg\u00fan tipo de descuento o beneficio para ti por parte del banco.<\/p>\n<p>Accede <strong><a href=\"http:\/\/www.inmobiliariabancaria.com\/pisos-destacados\" target=\"_blank\">AQUI<\/a><\/strong>\u00a0o en la imagen adjunta<\/p>\n<p>&nbsp;<\/p>\n<p><a href=\"http:\/\/www.inmobiliariabancaria.com\/pisos-destacados\" target=\"_blank\"><img loading=\"lazy\" class=\"alignleft wp-image-1245 size-full\" src=\"http:\/\/www.inmobiliariabancaria.com\/blog\/wp-content\/uploads\/Banner-de-480-x-40-arriba-web.gif\" alt=\"pisos-casas-viviendas-inmuebles-de-los-bancos-banco-malo\" width=\"480\" height=\"40\" \/><\/a><\/p>\n<p>&nbsp;<\/p>\n<p>&nbsp;<\/p>\n<p>&nbsp;<\/p>\n<p>&nbsp;<\/p>\n","protected":false},"excerpt":{"rendered":"<p>Simplemente has de elegir en qu\u00e9 provincia o localidad quieres la vivienda de bancos y r\u00e1pidamente y con los precios actualizados a diario te informamos de los inmuebles que tienes a tu disposici\u00f3n y solo aquellos con alg\u00fan tipo de descuento o beneficio para ti por parte del banco. Accede AQUI\u00a0o en la imagen adjunta &nbsp; &nbsp; &nbsp; &nbsp; &nbsp;<\/p>\n","protected":false},"author":2,"featured_media":0,"parent":1088,"menu_order":1,"comment_status":"open","ping_status":"open","template":"","meta":[],"_links":{"self":[{"href":"https:\/\/www.inmobiliariabancaria.com\/blog\/wp-json\/wp\/v2\/pages\/1244"}],"collection":[{"href":"https:\/\/www.inmobiliariabancaria.com\/blog\/wp-json\/wp\/v2\/pages"}],"about":[{"href":"https:\/\/www.inmobiliariabancaria.com\/blog\/wp-json\/wp\/v2\/types\/page"}],"author":[{"embeddable":true,"href":"https:\/\/www.inmobiliariabancaria.com\/blog\/wp-json\/wp\/v2\/users\/2"}],"replies":[{"embeddable":true,"href":"https:\/\/www.inmobiliariabancaria.com\/blog\/wp-json\/wp\/v2\/comments?post=1244"}],"version-history":[{"count":6,"href":"https:\/\/www.inmobiliariabancaria.com\/blog\/wp-json\/wp\/v2\/pages\/1244\/revisions"}],"predecessor-version":[{"id":4712,"href":"https:\/\/www.inmobiliariabancaria.com\/blog\/wp-json\/wp\/v2\/pages\/1244\/revisions\/4712"}],"up":[{"embeddable":true,"href":"https:\/\/www.inmobiliariabancaria.com\/blog\/wp-json\/wp\/v2\/pages\/1088"}],"wp:attachment":[{"href":"https:\/\/www.inmobiliariabancaria.com\/blog\/wp-json\/wp\/v2\/media?parent=1244"}],"curies":[{"name":"wp","href":"https:\/\/api.w.org\/{rel}","templated":true}]}}